{"id":1732,"date":"2018-12-16T18:37:24","date_gmt":"2018-12-16T17:37:24","guid":{"rendered":"https:\/\/www.bnb-villafontane.com\/friends-in-provence\/"},"modified":"2019-11-17T18:20:57","modified_gmt":"2019-11-17T17:20:57","slug":"stages","status":"publish","type":"page","link":"https:\/\/www.bnb-villafontane.com\/fr\/stages\/","title":{"rendered":"Exp\u00e9riences"},"content":{"rendered":"","protected":false},"excerpt":{"rendered":"","protected":false},"author":2,"featured_media":1662,"parent":0,"menu_order":0,"comment_status":"closed","ping_status":"closed","template":"","meta":{"_acf_changed":false,"_seopress_robots_primary_cat":"","_seopress_titles_title":"","_seopress_titles_desc":"%%excerpt%% Vivez votre passion pour le golf, le yoga, la peinture, la sculpture, la cuisine, l'herboristerie lors d'un s\u00e9jour en chambre d'h\u00f4tes \u00e0 la Villa Fontane B&B en Provence \u00e0 La Garde-Freinet","_seopress_robots_index":"","footnotes":""},"class_list":["post-1732","page","type-page","status-publish","has-post-thumbnail"],"acf":[],"_links":{"self":[{"href":"https:\/\/www.bnb-villafontane.com\/fr\/wp-json\/wp\/v2\/pages\/1732","targetHints":{"allow":["GET"]}}],"collection":[{"href":"https:\/\/www.bnb-villafontane.com\/fr\/wp-json\/wp\/v2\/pages"}],"about":[{"href":"https:\/\/www.bnb-villafontane.com\/fr\/wp-json\/wp\/v2\/types\/page"}],"author":[{"embeddable":true,"href":"https:\/\/www.bnb-villafontane.com\/fr\/wp-json\/wp\/v2\/users\/2"}],"replies":[{"embeddable":true,"href":"https:\/\/www.bnb-villafontane.com\/fr\/wp-json\/wp\/v2\/comments?post=1732"}],"version-history":[{"count":0,"href":"https:\/\/www.bnb-villafontane.com\/fr\/wp-json\/wp\/v2\/pages\/1732\/revisions"}],"wp:featuredmedia":[{"embeddable":true,"href":"https:\/\/www.bnb-villafontane.com\/fr\/wp-json\/wp\/v2\/media\/1662"}],"wp:attachment":[{"href":"https:\/\/www.bnb-villafontane.com\/fr\/wp-json\/wp\/v2\/media?parent=1732"}],"curies":[{"name":"wp","href":"https:\/\/api.w.org\/{rel}","templated":true}]}}